{"id":33060,"date":"2025-10-16T09:38:22","date_gmt":"2025-10-16T09:38:22","guid":{"rendered":"https:\/\/justia-law.be\/conditions-generales-2\/"},"modified":"2025-10-16T10:44:35","modified_gmt":"2025-10-16T10:44:35","slug":"conditions-generales-2","status":"publish","type":"page","link":"https:\/\/justia-law.be\/fr\/conditions-generales-2\/","title":{"rendered":"Conditions g\u00e9n\u00e9rales"},"content":{"rendered":"<p>[et_pb_section fb_built=&#8221;1&#8243; fullwidth=&#8221;on&#8221; custom_padding_last_edited=&#8221;on|desktop&#8221; admin_label=&#8221;Section&#8221; module_class=&#8221;hp-hero&#8221; _builder_version=&#8221;4.16&#8243; background_image=&#8221;http:\/\/justia-law.be\/contentejustia\/uploads\/2017\/03\/Specialisaties.jpg&#8221; custom_padding_tablet=&#8221;50px|0|50px|0&#8243; custom_padding_phone=&#8221;&#8221; transparent_background=&#8221;off&#8221; padding_mobile=&#8221;off&#8221; make_fullwidth=&#8221;off&#8221; use_custom_width=&#8221;off&#8221; width_unit=&#8221;on&#8221; custom_width_px=&#8221;1080px&#8221; custom_width_percent=&#8221;80%&#8221; global_colors_info=&#8221;{}&#8221;][\/et_pb_section][et_pb_section fb_built=&#8221;1&#8243; admin_label=&#8221;Section&#8221; module_id=&#8221;reservations&#8221; _builder_version=&#8221;4.27.4&#8243; custom_padding=&#8221;81px||81px|&#8221; custom_padding_tablet=&#8221;81px||81px|&#8221; transparent_background=&#8221;off&#8221; padding_mobile=&#8221;on&#8221; make_fullwidth=&#8221;off&#8221; use_custom_width=&#8221;off&#8221; width_unit=&#8221;on&#8221; custom_width_px=&#8221;1080px&#8221; custom_width_percent=&#8221;80%&#8221; global_colors_info=&#8221;{}&#8221;][et_pb_row _builder_version=&#8221;4.27.4&#8243; _module_preset=&#8221;default&#8221; global_colors_info=&#8221;{}&#8221;][et_pb_column type=&#8221;4_4&#8243; _builder_version=&#8221;4.27.4&#8243; _module_preset=&#8221;default&#8221; global_colors_info=&#8221;{}&#8221;][et_pb_text _builder_version=&#8221;4.27.4&#8243; _module_preset=&#8221;default&#8221; global_colors_info=&#8221;{}&#8221;]Nous vous remercions de votre confiance.<br \/>\nAvant d\u2019entamer votre affaire, nous vous proposons de partager quelques informations importantes qui constituent en outre nos conditions g\u00e9n\u00e9rales.<br \/>\nVous pouvez \u00e9galement prendre connaissance des conditions g\u00e9n\u00e9rales appliqu\u00e9es par JUSTIA et ses avocats \u00e0 l&#8217;adresse www.justia-law.be.<\/p>\n<p>1.\tVotre avocat et son cabinet<\/p>\n<p>Vous confiez votre dossier \u00e0 JUSTIA, bureau d\u2019avocats.  JUSTIA est une soci\u00e9t\u00e9 de droit civil entre  Me Maika DE SPIEGELEER  et Me Laure VERSTRAETE, avocats en Belgique, et inscrits au barreau de BRUXELLES.<br \/>\nLe cabinet se situe \u00e0 3090 OVERIJSE \u2013 Gebroeders Danhieuxstraat 6.<br \/>\nLe cabinet secondaire de Me VERSTRAETE est situ\u00e9 \u00e0 1731 ZELLIK, Jan Leostraat 10.<br \/>\nMe Maika DE SPIEGELEER  exerce la profession d\u2019avocat sous forme d\u2019une SCS d\u00e9nomm\u00e9e MaDius et Me Laure VERSTRAETE en nom propre , toutes deux comme associ\u00e9es de JUSTIA, une association suivant le r\u00e8glement de l\u2019Ordre des Barreaux Flamands du 8 novembre 2006 relatif aux associations entre avocats.<br \/>\nLe num\u00e9ro d\u2019entreprise du cabinet est le 0643.902.628.<br \/>\nVous pouvez contacter le cabinet via info@justia-law.be<br \/>\nLa responsabilit\u00e9 professionnelle de JUSTIA, de Me Maika DE SPIEGELEER , de Me Laure VERSTRAETE  et des avocats-collaborateurs de JUSTIA est assur\u00e9e chez AMLIN.<br \/>\nLa police responsabilit\u00e9 professionnelle couvre tout litige dans les pays suivants : dans le monde entier, sous r\u00e9serve des pr\u00e9cisions et exceptions reprises dans la police R.C. pour les avocats.  Ne sont pas couvertes, les demandes introduites contre les avocats de Justia aux Etats-Unis ou au Canada, ou sous la juridiction des Etats-Unis ou du Canada.<br \/>\n2.\tVotre avocat et ses services<\/p>\n<p>Vous pouvez faire appel \u00e0 JUSTIA pour, entre autres, les services suivants : \u00e9tude et suivi du dossier, correspondance, r\u00e9daction d&#8217;actes de proc\u00e9dure et d&#8217;accords, n\u00e9gociations, discussions avec le client, recherches de litt\u00e9rature juridique et de jurisprudence, conseils, pr\u00e9paration de m\u00e9moires, assistance et repr\u00e9sentation devant les tribunaux.<br \/>\nLes honoraires pr\u00e9cis varient suivant la nature de l\u2019affaire, son urgence et l\u2019avocat qui la traite.<br \/>\nSi un tarif horaire est utilis\u00e9, il sera factur\u00e9 comme indiqu\u00e9 ci-dessous au point 4 et, le cas \u00e9ch\u00e9ant, dans la convention de l&#8217;avocat.<br \/>\nLa premi\u00e8re consultation, lors de laquelle seules des explications orales sont donn\u00e9es, sera factur\u00e9e \u00e0 un tarif forfaitaire pour autant que le service ne d\u00e9passe pas une heure et s&#8217;\u00e9l\u00e8ve \u00e0 75 euros hors TVA de 21%.<br \/>\n3.\tPour informations et plaintes<\/p>\n<p>Si vous souhaitez des informations compl\u00e9mentaires ou si vous avez des plaintes vous pouvez contacter Me Maika DE SPIEGELEER ou  Me Laure VERSTRAETE  ou les avocats-collaborateurs :<br \/>\npar la poste \u00e0 l\u2019adresse : Gebroeders Danhieuxstraat 6 \u00e0  3090 OVERIJSE<br \/>\npar t\u00e9l\u00e9phone au num\u00e9ro 02 688 38 40 et 02 657 99 31.<br \/>\npar fax au num\u00e9ro 02 688 38 41 et 02 657 91 16<br \/>\npar e-mail \u00e0 l\u2019adresse : info@justia-law.be<br \/>\n4.\tQue co\u00fbte votre avocat<\/p>\n<p>4.1. G\u00e9n\u00e9ralit\u00e9s<\/p>\n<p>Les factures sont \u00e9mises au nom de la personne physique ou morale qui a consult\u00e9 le cabinet ou l&#8217;avocat et pour laquelle les services sont fournis et qui est identifi\u00e9e lors de l&#8217;ouverture du dossier.<\/p>\n<p>4.2. Honoraires<\/p>\n<p>Les honoraires couvrent les services et les t\u00e2ches accomplis par l&#8217;avocat.<\/p>\n<p>Ils sont g\u00e9n\u00e9ralement calcul\u00e9s sur la base du temps r\u00e9ellement consacr\u00e9 \u00e0 l&#8217;affaire sous r\u00e9serve d&#8217;un accord d\u00e9rogatoire \u00e9crit pr\u00e9alable avec le client.<\/p>\n<p>Les honoraires sont factur\u00e9s soit \u00e0 un taux horaire hors TVA qui est d\u00e9termin\u00e9 en fonction, entre autres, de la difficult\u00e9 de l&#8217;affaire, de la capacit\u00e9 financi\u00e8re du client, des int\u00e9r\u00eats \u00e9conomiques en jeu, de l&#8217;urgence de l&#8217;affaire, &#8230;., soit \u00e0 un taux forfaitaire ou sur la base d&#8217;un pourcentage des dommages-int\u00e9r\u00eats recouvr\u00e9s. <\/p>\n<p>Les tarifs peuvent \u00eatre r\u00e9vis\u00e9s annuellement. Toute modification du taux sera notifi\u00e9e au client. Dans ce dernier cas, et sauf si le client exerce son droit de mettre fin \u00e0 l&#8217;intervention de l&#8217;avocat, ces tarifs seront d&#8217;application pour l&#8217;avenir.<\/p>\n<p>Les services fournis par JUSTIA sont factur\u00e9s \u00e0 un taux horaire de base en fonction des avocats qui interviennent dans le dossier.  Ce taux horaire de base, communiqu\u00e9 \u00e0 l&#8217;avance, est d&#8217;un minimum de 135 euros par heure et d&#8217;un maximum de 275 euros par heure, hors TVA de 21%. <\/p>\n<p>JUSTIA calculera le prix des prestations qu&#8217;elle effectue pour le client dans son dossier en fonction des services rendus d\u00e9taill\u00e9s sur l&#8217;\u00e9tat des frais et honoraires qu&#8217;il recevra dans le mois suivant les prestations effectu\u00e9es, pour autant que le montant \u00e0 facturer soit sup\u00e9rieur \u00e0 100 euros. Dans le cas contraire, les services seront report\u00e9s \u00e0 la p\u00e9riode suivante. <\/p>\n<p>Toutes les factures et notes d&#8217;honoraires sont payables dans les 15 jours et, en cas de non-paiement, entra\u00eeneront un int\u00e9r\u00eat \u00e9gal au taux d&#8217;int\u00e9r\u00eat pr\u00e9vu par la loi du 8 ao\u00fbt 2002. <\/p>\n<p>La premi\u00e8re consultation est factur\u00e9e au tarif forfaitaire de 75 euros hors TVA 21% dans le cadre de la description de l&#8217;article 2.<\/p>\n<p>Conform\u00e9ment aux usages de la profession d&#8217;avocat et en application de l&#8217;article 446ter du Code judiciaire, le montant des honoraires r\u00e9sultant de l&#8217;un ou l&#8217;autre mode de calcul choisi peut \u00eatre major\u00e9 d&#8217;un honoraire de r\u00e9sultat qui est ajout\u00e9 au d\u00e9compte final des honoraires lors de la conclusion de l&#8217;affaire.<\/p>\n<p>Le montant de cet honoraire de r\u00e9sultat, s&#8217;il existe, est d\u00e9termin\u00e9 en concertation avec le client au d\u00e9but du dossier ou ult\u00e9rieurement, en fonction du r\u00e9sultat et peut correspondre \u00e0 un pourcentage du r\u00e9sultat obtenu.<\/p>\n<p>Le total est calcul\u00e9 sur les montants, la valeur des actifs, le principal et les int\u00e9r\u00eats obtenus ou dont la cr\u00e9ance est \u00e9vit\u00e9e par des proc\u00e9dures judiciaires ou des n\u00e9gociations \u00e0 l&#8217;amiable.<\/p>\n<p>4.3. Frais<\/p>\n<p>Frais de secr\u00e9tariat :<\/p>\n<p>Les frais de secr\u00e9tariat sont factur\u00e9s et comprennent : l&#8217;ouverture et la cl\u00f4ture du dossier (50,00 \u20ac chacun), la dactylographie des lettres et des pages de la proc\u00e9dure (11 \u20ac par page).<\/p>\n<p>Frais de justice et d\u00e9pens :<\/p>\n<p>En principe, les frais d&#8217;huissier sont pay\u00e9s directement par le client, sans intervention du cabinet.<\/p>\n<p>Il en va de m\u00eame pour les frais d&#8217;expertise.<\/p>\n<p>En revanche, le cabinet fait l\u2019avance d&#8217;autres frais administratifs, tels que les frais de greffe, les actes d&#8217;\u00e9tat civil, les traductions, le personnel externe, les informations extraites du registre national, etc.  \u00e0 charge pour le client de les rembourser \u00e0 la premi\u00e8re demande de l\u2019avocat.<\/p>\n<p>Les frais de d\u00e9placement sont \u00e9galement \u00e0 charge du client et sont rembours\u00e9s au prix co\u00fbtant, soit 0,50 \u20ac\/km, sauf pour les d\u00e9placements \u00e0 Bruxelles.<\/p>\n<p>4.4. Provisions<\/p>\n<p>Une provision sur frais et honoraires peut \u00eatre demand\u00e9e lors de l&#8217;ouverture du dossier.<\/p>\n<p>Le paiement de cette provision peut \u2013 si elle est demand\u00e9e &#8211; \u00eatre une condition de l&#8217;intervention du cabinet.<\/p>\n<p>Des demandes de provisions compl\u00e9mentaires peuvent ensuite \u00eatre adress\u00e9es \u00e0 intervalles r\u00e9guliers et en principe au moins \u00e0 la fin de chaque \u00e9tape de la proc\u00e9dure, ce qui permet de v\u00e9rifier les prestations factur\u00e9es et les provisions y aff\u00e9rentes.<\/p>\n<p>4.5. TVA<\/p>\n<p>Depuis le 1er janvier 2014, la TVA au taux de 21% s&#8217;applique aux honoraires et frais des avocats, sous r\u00e9serve des exceptions pr\u00e9vues par le Code de la TVA.<\/p>\n<p>4.6. Facturation<\/p>\n<p>Toutes les factures sont payables au comptant.<\/p>\n<p>S&#8217;il y a plusieurs clients dans une m\u00eame affaire, ils sont solidairement responsables du paiement des factures.<\/p>\n<p>Toute contestation d&#8217;une facture doit \u00eatre formul\u00e9e par \u00e9crit dans les dix jours calendrier suivant la date de facturation.<\/p>\n<p>Les montants non pay\u00e9s dans les trente jours calendrier de la date d&#8217;\u00e9ch\u00e9ance portent de plein droit et sans mise en demeure un int\u00e9r\u00eat au taux l\u00e9gal \u00e0 partir de la date de la facture, pour chaque mois entam\u00e9.<\/p>\n<p>Le taux d&#8217;int\u00e9r\u00eat applicable est le taux d&#8217;int\u00e9r\u00eat l\u00e9gal si le client n&#8217;est pas soumis aux taux d\u00e9termin\u00e9s par la loi du 2 ao\u00fbt 2002 concernant la lutte contre le retard de paiement dans les transactions commerciales.<\/p>\n<p>En outre, le montant de chaque facture impay\u00e9e \u00e0 l&#8217;\u00e9ch\u00e9ance sera major\u00e9, de plein droit et sans pr\u00e9avis, de 10 % \u00e0 titre d&#8217;indemnit\u00e9 forfaitaire conventionnelle, avec un minimum de 250,00 \u20ac HTVA.<\/p>\n<p>En outre, l&#8217;avocat se r\u00e9serve le droit de ne pas (plus) fournir de services dans le cadre de l&#8217;affaire tant que le paiement de l&#8217;avance demand\u00e9e ou de la facture \u00e9mise n&#8217;a pas \u00e9t\u00e9 effectu\u00e9, sans pr\u00e9judice de l&#8217;exercice de tout autre droit ou recours.<\/p>\n<p>4.7. Information sur l&#8217;aide juridictionnelle et l&#8217;assurance de protection juridique <\/p>\n<p>Le client reconna\u00eet avoir \u00e9t\u00e9 suffisamment inform\u00e9 de la possibilit\u00e9 de recourir \u00e0 l&#8217;aide juridictionnelle.<\/p>\n<p>Le client a \u00e9galement \u00e9t\u00e9 inform\u00e9 de l&#8217;existence de polices d&#8217;assurance \u00ab aide juridictionnelle \u00bb destin\u00e9es \u00e0 couvrir les honoraires et les frais de justice ; il a \u00e9t\u00e9 invit\u00e9 \u00e0 rechercher dans ses polices personnelles celle qui pourrait \u00eatre utilis\u00e9e \u00e0 son avantage.<\/p>\n<p>En cas d&#8217;intervention d&#8217;un tiers (assurance protection juridique ou autre), les factures sont toujours \u00e9tablies \u00e0 l&#8217;attention du client et il appartient \u00e0 ce dernier de supporter les frais et honoraires factur\u00e9s, qu&#8217;ils soient ou non pris en charge par le tiers.<\/p>\n<p>Le cas \u00e9ch\u00e9ant, l&#8217;avocat demande au tiers de confirmer son intervention et transf\u00e8re les factures au nom du client pour paiement.<\/p>\n<p>4.8. Pr\u00e9visibilit\u00e9 des honoraires<\/p>\n<p>Il n&#8217;est pas toujours possible pour un avocat de pr\u00e9voir le temps qu&#8217;il devra consacrer \u00e0 un dossier.<\/p>\n<p>Ce temps d\u00e9pendra, entre autres, de l&#8217;\u00e9volution du dossier, en tenant compte des besoins et des pr\u00e9occupations du client, mais aussi de ceux de l&#8217;autre ou des autres parties.<\/p>\n<p>Le client lui-m\u00eame peut contribuer \u00e0 r\u00e9duire les co\u00fbts et les honoraires de son avocat en encourageant les n\u00e9gociations et les r\u00e8glements \u00e0 l&#8217;amiable.<\/p>\n<p>Il lui est \u00e9galement conseill\u00e9 de pr\u00e9parer des dossiers complets et des notes d\u00e9taill\u00e9es, accompagn\u00e9es de pi\u00e8ces justificatives.<\/p>\n<p>Les clients sont encourag\u00e9s \u00e0 contacter le cabinet par \u00e9crit, par lettre ou par courrier \u00e9lectronique.<\/p>\n<p>Toutes les communications \u00e9crites recevront une r\u00e9ponse dans un d\u00e9lai raisonnable.<\/p>\n<p>5.\tLes r\u00e8gles de la profession et les codes de conduite<\/p>\n<p>En tant qu\u2019avocats inscrits au Barreau de Bruxelles Me Maika DE SPIEGELEER,  Me Laure VERSTRAETE  et les avocats-collaborateurs de JUSTIA sont tenus aux r\u00e8gles de l\u2019Ordre des Barreaux Flamands. Vous pouvez consulter ces r\u00e8gles via http:\/\/www.advocaat.be\/Page.aspx?genericid=87, ainsi que sur www.baliebrussel.be<\/p>\n<p>6.\tLe r\u00e8glement des conflits extrajudiciaires \u2013 droit applicable- tribunaux comp\u00e9tents<\/p>\n<p>Me Maika DE SPIEGELEER, Me Laure VERSTRAETE  et les avocats-collaborateurs de JUSTIA sont soumis au r\u00e8glement des conflits extrajudiciaires pr\u00e9vu dans le Livre XVI du Code du Droit Economique.<br \/>\nEn vertu du Titre 2, Livre XVI CDE une r\u00e9clamation peut \u00eatre introduite directement au num\u00e9ro de t\u00e9l\u00e9phone 02 688 38 40 ou au 02 657 99 31 ou info@justia-law.be.<br \/>\nEn vertu du Titre 4 du Livre XIV WER, des demandes ou des plaintes peuvent \u00eatre introduites chez le Ombudsdienst Consumentengeschillen Advocatuur (OCA), qui est l\u2019organisme qualifi\u00e9 pour g\u00e9rer les conflits extrajudiciaires entre consommateurs et avocats.<br \/>\nL\u2019OCA est reprise sur la liste des entit\u00e9s qualifi\u00e9es, liste qui peut \u00eatre consult\u00e9e sur le site du Service F\u00e9d\u00e9ral Economie, P.M.E. et classes moyennes.<br \/>\nL\u2019OCA est qualifi\u00e9e pour les plaintes qui ont trait aux services de l\u2019avocat.  De pr\u00e9f\u00e9rence les plaintes seront introduites \u00e9lectroniquement par le formulaire sur le site http:\/\/oca.ligeca.be\/nl\/.<br \/>\nD\u2019autres donn\u00e9es concernant l\u2019 OCA peuvent y \u00eatre consult\u00e9es \u00e9galement.<br \/>\nL\u2019OCA est situ\u00e9e : Staatsbladstraat 8 \u00e0 1000 Bruxelles.<br \/>\nMe Maika DE SPIEGELEER,  Me Laure VERSTRAETE  et les avocats-collaborateurs de JUSTIA sont soumis aux r\u00e8gles pr\u00e9vues dans le code de conduite ou le r\u00e8glement : NL Codex 2009 du Barreau de Bruxelles pour la gestion de conflits extrajudiciaires.<br \/>\nPour de plus amples renseignements sur les sp\u00e9cificit\u00e9s et les conditions d\u2019application de ce r\u00e8glement voyez sur www.baliebrussel.be.<br \/>\nLe contrat que vous concluez avec JUSTIA est soumis au droit belge. <\/p>\n<p>Seuls les tribunaux n\u00e9erlandophones de l&#8217;arrondissement de Bruxelles, ainsi que la Justice de Paix du canton de Zaventem-Overijse sont comp\u00e9tents pour prendre connaissance des litiges et des contentieux.<\/p>\n<p>7.\tInformation et traitement des donn\u00e9es personnelles<\/p>\n<p>JUSTIA et ses avocats informent promptement le client de l&#8217;ex\u00e9cution de la mission et de l&#8217;\u00e9volution du traitement du dossier.<\/p>\n<p>Le client fournira sans d\u00e9lai et pendant toute la dur\u00e9e de la mission, le cas \u00e9ch\u00e9ant \u00e0 la demande de l&#8217;avocat, toutes les informations utiles \u00e0 l&#8217;avocat.<\/p>\n<p>Le client autorise express\u00e9ment l&#8217;avocat \u00e0 traiter ces informations et, le cas \u00e9ch\u00e9ant, les donn\u00e9es \u00e0 caract\u00e8re personnel, les donn\u00e9es relatives aux condamnations p\u00e9nales et aux infractions et les cat\u00e9gories particuli\u00e8res de donn\u00e9es \u00e0 caract\u00e8re personnel qui y seraient incluses, pour une ou plusieurs finalit\u00e9s bien d\u00e9termin\u00e9es telles que d\u00e9crites dans l&#8217;objet de la prestation et la mission de l&#8217;avocat au point 2. <\/p>\n<p>En outre, l&#8217;avocat conserve le droit de traiter ces informations aux fins de ses int\u00e9r\u00eats l\u00e9gitimes ou de ceux de tiers, de l&#8217;exercice du droit fondamental \u00e0 la libert\u00e9 d&#8217;expression ou d&#8217;information et\/ou de l&#8217;introduction, de l&#8217;exercice ou du fondement d&#8217;une action en justice.<br \/>\nLe client a le droit d&#8217;adresser \u00e0 l&#8217;avocat une demande de consultation, de rectification, d&#8217;effacement, de transfert de ses donn\u00e9es \u00e0 caract\u00e8re personnel ou de demander le retrait de son consentement ou de son opposition au traitement de ses donn\u00e9es \u00e0 caract\u00e8re personnel.<\/p>\n<p>L&#8217;avocat s&#8217;engage \u00e0 fournir au client une r\u00e9ponse motiv\u00e9e \u00e0 sa demande dans un d\u00e9lai d&#8217;un (1) mois. En fonction de la complexit\u00e9 de la (des) demande(s) et du nombre de demandes, ce d\u00e9lai peut \u00eatre prolong\u00e9 de deux (2) mois suppl\u00e9mentaires si n\u00e9cessaire. Cette r\u00e9ponse doit indiquer de mani\u00e8re motiv\u00e9e les raisons pour lesquelles l&#8217;avocat va (ne pas) donner suite \u00e0 la (aux) demande(s) du client.<br \/>\nLe cas \u00e9ch\u00e9ant, l&#8217;avocat se r\u00e9serve le droit de facturer des honoraires raisonnables en fonction des co\u00fbts administratifs qu&#8217;implique le fait de donner suite \u00e0 la (aux) demande(s). <\/p>\n<p>Pour Justia<br \/>\nMaika DE SPIEGELEER<br \/>\nLaure VERSTRAETE<br \/>\n[\/et_pb_text][\/et_pb_column][\/et_pb_row][\/et_pb_section][et_pb_section fb_built=&#8221;1&#8243; _builder_version=&#8221;4.27.4&#8243; _module_preset=&#8221;default&#8221; global_colors_info=&#8221;{}&#8221;][\/et_pb_section][et_pb_section fb_built=&#8221;1&#8243; custom_padding_last_edited=&#8221;on|desktop&#8221; admin_label=&#8221;section&#8221; _builder_version=&#8221;4.9.4&#8243; background_color=&#8221;#006799&#8243; custom_padding=&#8221;0px|||&#8221; custom_padding_tablet=&#8221;50px|0|50px|0&#8243; custom_padding_phone=&#8221;&#8221; transparent_background=&#8221;off&#8221; padding_mobile=&#8221;off&#8221; make_fullwidth=&#8221;off&#8221; use_custom_width=&#8221;off&#8221; width_unit=&#8221;off&#8221; custom_width_px=&#8221;1080px&#8221; custom_width_percent=&#8221;80%&#8221; global_module=&#8221;1123&#8243; global_colors_info=&#8221;{}&#8221;][et_pb_row padding_mobile=&#8221;off&#8221; column_padding_mobile=&#8221;on&#8221; admin_label=&#8221;Row&#8221; module_class=&#8221;rs-footer&#8221; _builder_version=&#8221;4.16&#8243; background_size=&#8221;initial&#8221; background_position=&#8221;top_left&#8221; background_repeat=&#8221;repeat&#8221; custom_padding=&#8221;60px|||&#8221; global_colors_info=&#8221;{}&#8221;][et_pb_column type=&#8221;4_4&#8243; _builder_version=&#8221;4.16&#8243; background_position=&#8221;top_left&#8221; custom_padding=&#8221;|||&#8221; global_colors_info=&#8221;{}&#8221; custom_padding__hover=&#8221;|||&#8221;][et_pb_image src=&#8221;http:\/\/justia-law.be\/contentejustia\/uploads\/2017\/02\/LogoWitLowRes.png&#8221; align=&#8221;center&#8221; align_tablet=&#8221;center&#8221; align_phone=&#8221;&#8221; align_last_edited=&#8221;on|desktop&#8221; admin_label=&#8221;Image&#8221; _builder_version=&#8221;4.16&#8243; max_width=&#8221;276px&#8221; animation_style=&#8221;fade&#8221; animation_duration=&#8221;500ms&#8221; use_border_color=&#8221;off&#8221; border_color=&#8221;#ffffff&#8221; border_width=&#8221;1px&#8221; border_style=&#8221;solid&#8221; animation=&#8221;fade_in&#8221; sticky=&#8221;off&#8221; always_center_on_mobile=&#8221;on&#8221; global_colors_info=&#8221;{}&#8221;][\/et_pb_image][et_pb_text admin_label=&#8221;Text&#8221; _builder_version=&#8221;4.16&#8243; background_size=&#8221;initial&#8221; background_position=&#8221;top_left&#8221; background_repeat=&#8221;repeat&#8221; text_orientation=&#8221;center&#8221; module_alignment=&#8221;center&#8221; custom_margin=&#8221;||20px|&#8221; use_border_color=&#8221;off&#8221; border_style=&#8221;solid&#8221; global_colors_info=&#8221;{}&#8221;][\/et_pb_text][et_pb_text admin_label=&#8221;Text&#8221; _builder_version=&#8221;4.16&#8243; background_size=&#8221;initial&#8221; background_position=&#8221;top_left&#8221; background_repeat=&#8221;repeat&#8221; text_orientation=&#8221;center&#8221; background_layout=&#8221;dark&#8221; module_alignment=&#8221;center&#8221; custom_margin=&#8221;0px||5%|&#8221; custom_padding=&#8221;0px|||&#8221; global_colors_info=&#8221;{}&#8221;]<\/p>\n<p>Gebroeders Danhieuxstraat 6, 3090 Overijse, Belgi\u00eb| +32 (0)2 688 38 40 | info@justia-law.be<\/p>\n<p>Heures d&#8217;ouverture: 9:00 \u2013 17:00 Lundi &#8211; Vendredi<\/p>\n<p>&nbsp;<\/p>\n<p>[\/et_pb_text][et_pb_divider show_divider=&#8221;off&#8221; disabled_on=&#8221;on|on|off&#8221; admin_label=&#8221;Divider&#8221; _builder_version=&#8221;4.16&#8243; hide_on_mobile=&#8221;on&#8221; global_colors_info=&#8221;{}&#8221;][\/et_pb_divider][\/et_pb_column][\/et_pb_row][\/et_pb_section]<\/p>\n","protected":false},"excerpt":{"rendered":"<p>Nous vous remercions de votre confiance. Avant d\u2019entamer votre affaire, nous vous proposons de partager quelques informations importantes qui constituent en outre nos conditions g\u00e9n\u00e9rales. Vous pouvez \u00e9galement prendre connaissance des conditions g\u00e9n\u00e9rales appliqu\u00e9es par JUSTIA et ses avocats \u00e0 l&#8217;adresse www.justia-law.be. 1. Votre avocat et son cabinet Vous confiez votre dossier \u00e0 JUSTIA, bureau [&hellip;]<\/p>\n","protected":false},"author":10,"featured_media":0,"parent":0,"menu_order":0,"comment_status":"closed","ping_status":"closed","template":"","meta":{"_et_pb_use_builder":"on","_et_pb_old_content":"","_et_gb_content_width":"","footnotes":""},"class_list":["post-33060","page","type-page","status-publish","hentry"],"_links":{"self":[{"href":"https:\/\/justia-law.be\/fr\/wp-json\/wp\/v2\/pages\/33060\/"}],"collection":[{"href":"https:\/\/justia-law.be\/fr\/wp-json\/wp\/v2\/pages\/"}],"about":[{"href":"https:\/\/justia-law.be\/fr\/wp-json\/wp\/v2\/types\/page\/"}],"author":[{"embeddable":true,"href":"https:\/\/justia-law.be\/fr\/wp-json\/wp\/v2\/users\/10\/"}],"replies":[{"embeddable":true,"href":"https:\/\/justia-law.be\/fr\/wp-json\/wp\/v2\/comments\/?post=33060"}],"version-history":[{"count":5,"href":"https:\/\/justia-law.be\/fr\/wp-json\/wp\/v2\/pages\/33060\/revisions\/"}],"predecessor-version":[{"id":33086,"href":"https:\/\/justia-law.be\/fr\/wp-json\/wp\/v2\/pages\/33060\/revisions\/33086\/"}],"wp:attachment":[{"href":"https:\/\/justia-law.be\/fr\/wp-json\/wp\/v2\/media\/?parent=33060"}],"curies":[{"name":"wp","href":"https:\/\/api.w.org\/{rel}","templated":true}]}}